{"id":4623,"date":"2023-11-09T22:04:38","date_gmt":"2023-11-09T21:04:38","guid":{"rendered":"https:\/\/donnarummahotel.itaktivitaet\/"},"modified":"2023-11-26T15:18:57","modified_gmt":"2023-11-26T14:18:57","slug":"aktivitaet","status":"publish","type":"page","link":"https:\/\/donnarummahotel.it\/de\/aktivitaet\/","title":{"rendered":"Aktivit\u00e4t"},"content":{"rendered":"\t\t<div data-elementor-type=\"wp-page\" data-elementor-id=\"4623\" class=\"elementor elementor-4623 elementor-3038\">\n\t\t\t\t\t\t\t\t\t<section class=\"elementor-section elementor-top-section elementor-element elementor-element-8019f98 elementor-section-full_width elementor-section-height-default elementor-section-height-default\" data-id=\"8019f98\" data-element_type=\"section\">\n\t\t\t\t\t\t<div class=\"elementor-container elementor-column-gap-no\">\n\t\t\t\t\t<div class=\"elementor-column elementor-col-100 elementor-top-column elementor-element elementor-element-75d1e4e7\" data-id=\"75d1e4e7\" data-element_type=\"column\">\n\t\t\t<div class=\"elementor-widget-wrap elementor-element-populated\">\n\t\t\t\t\t\t\t\t<div class=\"elementor-element elementor-element-436481da elementor-align-left elementor-widget elementor-widget-pages-restaurant-banner\" data-id=\"436481da\" data-element_type=\"widget\" data-widget_type=\"pages-restaurant-banner.default\">\n\t\t\t\t<div class=\"elementor-widget-container\">\n\t\t\t\r\n\t\t<header class=\"header slider\">\r\n\t\t\t<div class=\"owl-carousel owl-theme\">\r\n\t\t\t\t<!-- The opacity on the image is made with \"data-overlay-dark=\"number\". You can change it using the numbers 0-9. -->\r\n\t\t\t\t\t\t\t\t\t\t\t\t\t\t\t<div class=\"text-center item bg-img\" data-overlay-dark=\"3\" data-background=\"https:\/\/donnarummahotel.it\/wp-content\/uploads\/2023\/11\/attivita-donnarumma-hotel-04.jpg\"><\/div>\r\n\t\t\t\t\t\t\t\t\t\t\t\t\t\t\t\t\t\t\t\t<div class=\"text-center item bg-img\" data-overlay-dark=\"3\" data-background=\"https:\/\/donnarummahotel.it\/wp-content\/uploads\/2023\/11\/attivita-donnarumma-hotel-01.jpg\"><\/div>\r\n\t\t\t\t\t\t\t\t\t\t\t\t\t\t\t\t\t\t\t\t<div class=\"text-center item bg-img\" data-overlay-dark=\"3\" data-background=\"https:\/\/donnarummahotel.it\/wp-content\/uploads\/2023\/11\/attivita-donnarumma-hotel-02.jpg\"><\/div>\r\n\t\t\t\t\t\t\t\t\t\t\t\t\t\t\t\t\t\t\t\t<div class=\"text-center item bg-img\" data-overlay-dark=\"3\" data-background=\"https:\/\/donnarummahotel.it\/wp-content\/uploads\/2023\/11\/attivita-donnarumma-hotel-03.jpg\"><\/div>\r\n\t\t\t\t\t\t\t\t\t\t\t\t<\/div>\r\n\t\t\t<!-- arrow down -->\r\n\t\t\t<div class=\"arrow bounce text-center\">\r\n\t\t\t\t<a href=\"#\" data-scroll-nav=\"1\" class=\"\"> <i class=\"ti-arrow-down\"><\/i> <\/a>\r\n\t\t\t<\/div>\r\n\t\t<\/header>\r\n\r\n\t\t\r\n\t\t\t<\/div>\n\t\t\t\t<\/div>\n\t\t\t\t\t<\/div>\n\t\t<\/div>\n\t\t\t\t\t\t\t<\/div>\n\t\t<\/section>\n\t\t\t\t<section class=\"elementor-section elementor-top-section elementor-element elementor-element-2368ad95 elementor-section-full_width elementor-section-height-default elementor-section-height-default\" data-id=\"2368ad95\" data-element_type=\"section\">\n\t\t\t\t\t\t<div class=\"elementor-container elementor-column-gap-no\">\n\t\t\t\t\t<div class=\"elementor-column elementor-col-100 elementor-top-column elementor-element elementor-element-1b576c86\" data-id=\"1b576c86\" data-element_type=\"column\">\n\t\t\t<div class=\"elementor-widget-wrap elementor-element-populated\">\n\t\t\t\t\t\t\t\t<div class=\"elementor-element elementor-element-ad1caf elementor-align-left elementor-widget elementor-widget-pages-restaurant-content\" data-id=\"ad1caf\" data-element_type=\"widget\" data-widget_type=\"pages-restaurant-content.default\">\n\t\t\t\t<div class=\"elementor-widget-container\">\n\t\t\t\n\t\t<section class=\"rooms-page section-padding\" data-scroll-index=\"1\">\n\t\t\t<div class=\"container\">\n\t\t\t\t<div class=\"row\">\n\t\t\t\t\t<div class=\"col-md-12 text-left\"> \n\t\t\t\t\t\t\t\t\t\t\t\t<span>\n\t\t\t\t\t\t\t\t\t\t\t\t\t\t\t<i class=\"star-rating\"><\/i>\n\t\t\t\t\t\t\t\t<i class=\"star-rating\"><\/i>\n\t\t\t\t\t\t\t\t<i class=\"star-rating\"><\/i>\n\t\t\t\t\t\t\t\t<i class=\"star-rating\"><\/i>\n\t\t\t\t\t\t\t\t\t\t\t\t\t<\/span>\n\t\t\t\t\t\t\t\t\t\t\t\t\t\t\t\t\t\t\t<div class=\"section-subtitle\">DonnaRumma Hotel<\/div>\n\t\t\t\t\t\t\t\t\t\t\t\t\t\t\t\t\t\t\t<div class=\"section-title\">Aktivit\u00e4t<\/div>\n\t\t\t\t\t\t\t\t\t\t\t<\/div>\n\t\t\t\t\t<div class=\"col-md-12\">\n\t\t\t\t\t\t\t\t\t\t\t\t<p class=\"mb-30\">Unser Hotel ist das perfekte Ziel f\u00fcr diejenigen, die einen aktiven Urlaub lieben: viele Vorschl\u00e4ge f\u00fcr diejenigen, die Outdoor-Aktivit\u00e4ten am Strand oder auf dem Meer durchf\u00fchren m\u00f6chten, und f\u00fcr diejenigen, die Ausfl\u00fcge in noch intakte Naturlandschaften lieben. <\/p>\n\n<h6>Wassersport<\/h6>\n<p>Das Wassersportzentrum Blue Soul befindet sich am Hotelstrand und ist Mitglied im VDWS (Verband Deutscher Wassersport- und Windsurfschulen) und der International Diving Association (IDA\/CMAS). G\u00e4ste k\u00f6nnen an Gruppenkursen teilnehmen oder einfach die Unterst\u00fctzung eines F\u00fchrers in Anspruch nehmen. Die Betreuung und Kurse sind professionell und machen Spa\u00df.<\/p><p>Das Angebot umfasst alle Arten von Wassersport: vom Windsurfen \u00fcber Cat-Sailing, Schnorcheln, Ger\u00e4tetauchen, Bodyboarden, Klippenspringen, Wakeboarden und Tubing. <\/p>\n\n\n<h6>Fahrr\u00e4der<\/h6>\n<p>Das Wassersportzentrum Blue Soul organisiert gef\u00fchrte Mountainbiketouren. Liebhaber von Radtouren sind fasziniert von den abwechslungsreichen und teils schattigen Strecken sowie dem geringen Verkehr. Das Hinterland bietet ideale Bedingungen: von asphaltierten Stra\u00dfen bis zu Landstra\u00dfen, von flachen Stra\u00dfen bis zu bergauf f\u00fchrenden.<\/p>\n\n<h6>Ausfl\u00fcge Auf<\/h6>\n<p>Anfrage k\u00f6nnen Sie an Ausfl\u00fcgen zu den arch\u00e4ologischen Ausgrabungen von Elea-Velia teilnehmen, einer arch\u00e4ologischen St\u00e4tte auf einem H\u00fcgel zwischen Marina di Casal Velino und Marina di Ascea. Wir organisieren auch Tagesausfl\u00fcge in die St\u00e4dte Neapel, Vesuv und Pompeji.<\/p>\n\n<p>Die Leistungen sind als Erg\u00e4nzung zum Angebot des Hotels gedacht. <\/p>\t\t\t\t\t\t\t\t\t\t\t\t<ul class=\"list-unstyled page-list mb-30\">\n\t\t\t\t\t\t\t\t\t\t\t\t\t<\/ul>\n\t\t\t\t\t<\/div>\n\t\t\t\t<\/div>\n\t\t\t<\/div>\n\t\t<\/section>\n\n\t\t\t<\/div>\n\t\t\t\t<\/div>\n\t\t\t\t\t<\/div>\n\t\t<\/div>\n\t\t\t\t\t\t\t<\/div>\n\t\t<\/section>\n\t\t\t\t<section class=\"elementor-section elementor-top-section elementor-element elementor-element-bd72ee9 elementor-section-full_width elementor-section-height-default elementor-section-height-default\" data-id=\"bd72ee9\" data-element_type=\"section\">\n\t\t\t\t\t\t<div class=\"elementor-container elementor-column-gap-no\">\n\t\t\t\t\t<div class=\"elementor-column elementor-col-100 elementor-top-column elementor-element elementor-element-8c964f8\" data-id=\"8c964f8\" data-element_type=\"column\">\n\t\t\t<div class=\"elementor-widget-wrap elementor-element-populated\">\n\t\t\t\t\t\t\t\t<div class=\"elementor-element elementor-element-780902e elementor-align-left elementor-widget elementor-widget-pages-gallery\" data-id=\"780902e\" data-element_type=\"widget\" data-widget_type=\"pages-gallery.default\">\n\t\t\t\t<div class=\"elementor-widget-container\">\n\t\t\t\r\n\t\t<section class=\"section-padding\">\r\n\t\t\t<div class=\"container\">\r\n\t\t\t\t<div class=\"row\">\r\n\t\t\t\t\t<div class=\"col-md-12\">\r\n\t\t\t\t\t\t\t\t\t\t\t\t\t\t\t\t\t<\/div>\r\n\t\t\t\t\t<!-- 3 columns -->\r\n\t\t\t\t\t\t\t\t\t\t\t\t\t\t\t\t\t<div class=\"col-md-4 gallery-item\">\r\n\t\t\t\t\t\t\t\t\t\t\t\t\t\t\t\t\t\t\t<a href=\"https:\/\/donnarummahotel.it\/wp-content\/uploads\/2023\/11\/attivita-donnarumma-hotel-04.jpg\" title=\"\" class=\"img-zoom\">\r\n\t\t\t\t\t\t\t\t<div class=\"gallery-box\">\r\n\t\t\t\t\t\t\t\t\t<div class=\"gallery-img\"> <img decoding=\"async\" src=\"https:\/\/donnarummahotel.it\/wp-content\/uploads\/2023\/11\/attivita-donnarumma-hotel-04.jpg\" class=\"img-fluid mx-auto d-block\" alt=\"work-img\"> <\/div>\r\n\t\t\t\t\t\t\t\t<\/div>\r\n\t\t\t\t\t\t\t<\/a>\r\n\t\t\t\t\t\t\t\t\t\t\t\t\t<\/div>\r\n\t\t\t\t\t\t\t\t\t\t\t\t\t\t\t\t\t<div class=\"col-md-4 gallery-item\">\r\n\t\t\t\t\t\t\t\t\t\t\t\t\t\t\t\t\t\t\t<a href=\"https:\/\/donnarummahotel.it\/wp-content\/uploads\/2023\/11\/attivita-donnarumma-hotel-05.jpg\" title=\"\" class=\"img-zoom\">\r\n\t\t\t\t\t\t\t\t<div class=\"gallery-box\">\r\n\t\t\t\t\t\t\t\t\t<div class=\"gallery-img\"> <img decoding=\"async\" src=\"https:\/\/donnarummahotel.it\/wp-content\/uploads\/2023\/11\/attivita-donnarumma-hotel-05.jpg\" class=\"img-fluid mx-auto d-block\" alt=\"work-img\"> <\/div>\r\n\t\t\t\t\t\t\t\t<\/div>\r\n\t\t\t\t\t\t\t<\/a>\r\n\t\t\t\t\t\t\t\t\t\t\t\t\t<\/div>\r\n\t\t\t\t\t\t\t\t\t\t\t\t\t\t\t\t\t<div class=\"col-md-4 gallery-item\">\r\n\t\t\t\t\t\t\t\t\t\t\t\t\t\t\t\t\t\t\t<a href=\"https:\/\/donnarummahotel.it\/wp-content\/uploads\/2023\/11\/attivita-donnarumma-hotel-06.jpg\" title=\"\" class=\"img-zoom\">\r\n\t\t\t\t\t\t\t\t<div class=\"gallery-box\">\r\n\t\t\t\t\t\t\t\t\t<div class=\"gallery-img\"> <img decoding=\"async\" src=\"https:\/\/donnarummahotel.it\/wp-content\/uploads\/2023\/11\/attivita-donnarumma-hotel-06.jpg\" class=\"img-fluid mx-auto d-block\" alt=\"work-img\"> <\/div>\r\n\t\t\t\t\t\t\t\t<\/div>\r\n\t\t\t\t\t\t\t<\/a>\r\n\t\t\t\t\t\t\t\t\t\t\t\t\t<\/div>\r\n\t\t\t\t\t\t\t\t\t<\/div>\r\n\t\t\t<\/div>\r\n\t\t<\/section>\r\n\t\t\r\n\r\n\t\t\t<\/div>\n\t\t\t\t<\/div>\n\t\t\t\t\t<\/div>\n\t\t<\/div>\n\t\t\t\t\t\t\t<\/div>\n\t\t<\/section>\n\t\t\t\t<section class=\"elementor-section elementor-top-section elementor-element elementor-element-5a3298a elementor-section-full_width elementor-section-height-default elementor-section-height-default\" data-id=\"5a3298a\" data-element_type=\"section\">\n\t\t\t\t\t\t<div class=\"elementor-container elementor-column-gap-no\">\n\t\t\t\t\t<div class=\"elementor-column elementor-col-100 elementor-top-column elementor-element elementor-element-81c156a\" data-id=\"81c156a\" data-element_type=\"column\">\n\t\t\t<div class=\"elementor-widget-wrap elementor-element-populated\">\n\t\t\t\t\t\t\t\t<div class=\"elementor-element elementor-element-d7e55cc elementor-align-left elementor-widget elementor-widget-home-testimonials\" data-id=\"d7e55cc\" data-element_type=\"widget\" data-widget_type=\"home-testimonials.default\">\n\t\t\t\t<div class=\"elementor-widget-container\">\n\t\t\t\n\t\t<section class=\"testimonials\">\n\t\t\t\t\t\t<div class=\"background bg-img bg-fixed section-padding pb-0\" data-background=\"https:\/\/donnarummahotel.it\/wp-content\/uploads\/2023\/11\/donnarumma-hotel-p03.jpg\" data-overlay-dark=\"3\">\n\t\t\t\t\t\t\t<div class=\"container\">\n\t\t\t\t\t<div class=\"row\">\n\t\t\t\t\t\t<div class=\"col-md-8 offset-md-2\">\n\t\t\t\t\t\t\t<div class=\"testimonials-box\">\n\t\t\t\t\t\t\t\t<div class=\"head-box\">\n\t\t\t\t\t\t\t\t\t\t\t\t\t\t\t\t\t\t<h6>Recensioni<\/h6>\n\t\t\t\t\t\t\t\t\t\t\t\t\t\t\t\t\t\t\t\t\t\t\t\t\t\t\t<h4>Parola agli Ospiti<\/h4>\n\t\t\t\t\t\t\t\t\t\t\t\t\t\t\t\t\t\t<div class=\"line\"><\/div>\n\t\t\t\t\t\t\t\t<\/div>\n\t\t\t\t\t\t\t\t<div class=\"owl-carousel owl-theme\">\n\t\t\t\t\t\t\t\t\t\t\t\t\t\t\t\t\t\t\t<div class=\"item\">\n\t\t\t\t\t\t\t\t\t\t\t\t\t\t\t\t\t\t\t\t\t\t\t<span class=\"quote\"><img decoding=\"async\" src=\"https:\/\/shtheme.com\/demosd\/thecappawp\/wp-content\/uploads\/2022\/06\/quot.png\" alt=\"\"><\/span>\n\t\t\t\t\t\t\t\t\t\t\t\t\t\t\t\t\t\t\t\t\t\t\t\t\t\t\t\t\t\t\t\t\t\t<p>Dal momento dell'arrivo e per tutto il soggiorno abbiamo trovato il personale molto professionale... molto disponibile a risolvere qualche nostra richiesta.\nLa camera molto confortevole, bagno veramente comodo e non soffocante, il patio esterno una grande comodit\u00e0.<\/p>\n\t\t\t\t\t\t\t\t\t\t\t\t\t\t\t\t\t\t\t\t\t\t<div class=\"info\">\n\t\t\t\t\t\t\t\t\t\t\t\t\t\t\t\t\t\t\t\t\t\t\t\t\t<div class=\"author-img\"> <img decoding=\"async\" src=\"https:\/\/donnarummahotel.it\/wp-content\/uploads\/2023\/11\/icona-tripadvisor.jpg\" alt=\"\"> <\/div>\n\t\t\t\t\t\t\t\t\t\t\t\t\t\t\t\t\t\t\t\t\t\t\t\t<div class=\"cont\"> \n\t\t\t\t\t\t\t\t\t\t\t\t\t\t\t\t\t\t\t\t\t\t\t\t\t\t<span>\n\t\t\t\t\t\t\t\t\t\t\t\t\t\t\t\t\t\t\t\t\t\t\t\t\t\t\t\t\t<i class=\"star-rating\"><\/i>\n\t\t\t\t\t\t\t\t\t\t\t\t\t\t\t<i class=\"star-rating\"><\/i>\n\t\t\t\t\t\t\t\t\t\t\t\t\t\t\t<i class=\"star-rating\"><\/i>\n\t\t\t\t\t\t\t\t\t\t\t\t\t\t\t<i class=\"star-rating\"><\/i>\n\t\t\t\t\t\t\t\t\t\t\t\t\t\t\t<i class=\"star-rating\"><\/i>\n\t\t\t\t\t\t\t\t\t\t\t\t\t\t\t\t\t\t\t\t\t\t\t\t\t\t\t<\/span>\n\t\t\t\t\t\t\t\t\t\t\t\t\t\t\t\t\t\t\t\t\t\t\t\t\t\t\t\t\t\t\t\t\t\t\t\t\t\t\t\t<h6>Gian Mario A<\/h6> \n\t\t\t\t\t\t\t\t\t\t\t\t\t\t\t\t\t\t\t\t\t\t\t\t\t\t\t\t\t\t\t\t\t\t\t\t\t\t\t\t<span>Tripadvisor<\/span>\n\t\t\t\t\t\t\t\t\t\t\t\t\t\t\t\t\t\t\t\t\t\t\t\t\t<\/div>\n\t\t\t\t\t\t\t\t\t\t\t<\/div>\n\t\t\t\t\t\t\t\t\t\t<\/div>\n\t\t\t\t\t\t\t\t\t\t\t\t\t\t\t\t\t\t\t<div class=\"item\">\n\t\t\t\t\t\t\t\t\t\t\t\t\t\t\t\t\t\t\t\t\t\t\t<span class=\"quote\"><img decoding=\"async\" src=\"https:\/\/shtheme.com\/demosd\/thecappawp\/wp-content\/uploads\/2022\/06\/quot.png\" alt=\"\"><\/span>\n\t\t\t\t\t\t\t\t\t\t\t\t\t\t\t\t\t\t\t\t\t\t\t\t\t\t\t\t\t\t\t\t\t\t<p>Bellissima struttura, posizionata nel cuore del Cilento, belli sia il mare che la piscina, ideale per trascorrere una vacanza in totale relax. Personale gentile e cucina ottima.<\/p>\n\t\t\t\t\t\t\t\t\t\t\t\t\t\t\t\t\t\t\t\t\t\t<div class=\"info\">\n\t\t\t\t\t\t\t\t\t\t\t\t\t\t\t\t\t\t\t\t\t\t\t\t\t<div class=\"author-img\"> <img decoding=\"async\" src=\"https:\/\/donnarummahotel.it\/wp-content\/uploads\/2023\/11\/icona-google.jpg\" alt=\"\"> <\/div>\n\t\t\t\t\t\t\t\t\t\t\t\t\t\t\t\t\t\t\t\t\t\t\t\t<div class=\"cont\"> \n\t\t\t\t\t\t\t\t\t\t\t\t\t\t\t\t\t\t\t\t\t\t\t\t\t\t<span>\n\t\t\t\t\t\t\t\t\t\t\t\t\t\t\t\t\t\t\t\t\t\t\t\t\t\t\t\t\t<i class=\"star-rating\"><\/i>\n\t\t\t\t\t\t\t\t\t\t\t\t\t\t\t<i class=\"star-rating\"><\/i>\n\t\t\t\t\t\t\t\t\t\t\t\t\t\t\t<i class=\"star-rating\"><\/i>\n\t\t\t\t\t\t\t\t\t\t\t\t\t\t\t<i class=\"star-rating\"><\/i>\n\t\t\t\t\t\t\t\t\t\t\t\t\t\t\t<i class=\"star-rating\"><\/i>\n\t\t\t\t\t\t\t\t\t\t\t\t\t\t\t\t\t\t\t\t\t\t\t\t\t\t\t<\/span>\n\t\t\t\t\t\t\t\t\t\t\t\t\t\t\t\t\t\t\t\t\t\t\t\t\t\t\t\t\t\t\t\t\t\t\t\t\t\t\t\t<h6>Maria G<\/h6> \n\t\t\t\t\t\t\t\t\t\t\t\t\t\t\t\t\t\t\t\t\t\t\t\t\t\t\t\t\t\t\t\t\t\t\t\t\t\t\t\t<span>Google<\/span>\n\t\t\t\t\t\t\t\t\t\t\t\t\t\t\t\t\t\t\t\t\t\t\t\t\t<\/div>\n\t\t\t\t\t\t\t\t\t\t\t<\/div>\n\t\t\t\t\t\t\t\t\t\t<\/div>\n\t\t\t\t\t\t\t\t\t\t\t\t\t\t\t\t\t\t\t<div class=\"item\">\n\t\t\t\t\t\t\t\t\t\t\t\t\t\t\t\t\t\t\t\t\t\t\t<span class=\"quote\"><img decoding=\"async\" src=\"https:\/\/shtheme.com\/demosd\/thecappawp\/wp-content\/uploads\/2022\/06\/quot.png\" alt=\"\"><\/span>\n\t\t\t\t\t\t\t\t\t\t\t\t\t\t\t\t\t\t\t\t\t\t\t\t\t\t\t\t\t\t\t\t\t\t<p>Esperienza super positiva al DonnaRumma Hotel, posizionata praticamente sul mare la struttura nuovissima e molto piacevole alla vista , hanno fatto un lavoro alle camere eccezionale \u00e8 tutto molto curato.<\/p>\n\t\t\t\t\t\t\t\t\t\t\t\t\t\t\t\t\t\t\t\t\t\t<div class=\"info\">\n\t\t\t\t\t\t\t\t\t\t\t\t\t\t\t\t\t\t\t\t\t\t\t\t\t<div class=\"author-img\"> <img decoding=\"async\" src=\"https:\/\/donnarummahotel.it\/wp-content\/uploads\/2023\/11\/icona-google.jpg\" alt=\"\"> <\/div>\n\t\t\t\t\t\t\t\t\t\t\t\t\t\t\t\t\t\t\t\t\t\t\t\t<div class=\"cont\"> \n\t\t\t\t\t\t\t\t\t\t\t\t\t\t\t\t\t\t\t\t\t\t\t\t\t\t<span>\n\t\t\t\t\t\t\t\t\t\t\t\t\t\t\t\t\t\t\t\t\t\t\t\t\t\t\t\t\t<i class=\"star-rating\"><\/i>\n\t\t\t\t\t\t\t\t\t\t\t\t\t\t\t<i class=\"star-rating\"><\/i>\n\t\t\t\t\t\t\t\t\t\t\t\t\t\t\t<i class=\"star-rating\"><\/i>\n\t\t\t\t\t\t\t\t\t\t\t\t\t\t\t<i class=\"star-rating\"><\/i>\n\t\t\t\t\t\t\t\t\t\t\t\t\t\t\t<i class=\"star-rating\"><\/i>\n\t\t\t\t\t\t\t\t\t\t\t\t\t\t\t\t\t\t\t\t\t\t\t\t\t\t\t<\/span>\n\t\t\t\t\t\t\t\t\t\t\t\t\t\t\t\t\t\t\t\t\t\t\t\t\t\t\t\t\t\t\t\t\t\t\t\t\t\t\t\t<h6>Massimiliano C<\/h6> \n\t\t\t\t\t\t\t\t\t\t\t\t\t\t\t\t\t\t\t\t\t\t\t\t\t\t\t\t\t\t\t\t\t\t\t\t\t\t\t\t<span>Google<\/span>\n\t\t\t\t\t\t\t\t\t\t\t\t\t\t\t\t\t\t\t\t\t\t\t\t\t<\/div>\n\t\t\t\t\t\t\t\t\t\t\t<\/div>\n\t\t\t\t\t\t\t\t\t\t<\/div>\n\t\t\t\t\t\t\t\t\t\t\t\t\t\t\t\t\t<\/div>\n\t\t\t\t\t\t\t<\/div>\n\t\t\t\t\t\t<\/div>\n\t\t\t\t\t<\/div>\n\t\t\t\t<\/div>\n\t\t\t<\/div>\n\t\t<\/section>\n\n\t\t\n\t\t\t<\/div>\n\t\t\t\t<\/div>\n\t\t\t\t\t<\/div>\n\t\t<\/div>\n\t\t\t\t\t\t\t<\/div>\n\t\t<\/section>\n\t\t\t\t\t\t\t<\/div>\n\t\t","protected":false},"excerpt":{"rendered":"<p>DonnaRumma Hotel Aktivit\u00e4t Unser Hotel ist das perfekte Ziel f\u00fcr diejenigen, die einen aktiven Urlaub lieben: viele Vorschl\u00e4ge f\u00fcr diejenigen, die Outdoor-Aktivit\u00e4ten am Strand oder auf dem Meer durchf\u00fchren m\u00f6chten, und f\u00fcr diejenigen, die Ausfl\u00fcge in noch intakte Naturlandschaften lieben. Wassersport Das Wassersportzentrum Blue Soul befindet sich am Hotelstrand und ist Mitglied im VDWS (Verband [&hellip;]<\/p>\n","protected":false},"author":1,"featured_media":0,"parent":0,"menu_order":0,"comment_status":"closed","ping_status":"closed","template":"","meta":{"footnotes":""},"class_list":["post-4623","page","type-page","status-publish","hentry"],"yoast_head":"<!-- This site is optimized with the Yoast SEO plugin v21.7 - https:\/\/yoast.com\/wordpress\/plugins\/seo\/ -->\n<title>Aktivit\u00e4t - Hotel DonnaRumma Casal Velino<\/title>\n<meta name=\"robots\" content=\"index, follow, max-snippet:-1, max-image-preview:large, max-video-preview:-1\" \/>\n<link rel=\"canonical\" href=\"https:\/\/donnarummahotel.it\/de\/aktivitaet\/\" \/>\n<meta property=\"og:locale\" content=\"de_DE\" \/>\n<meta property=\"og:type\" content=\"article\" \/>\n<meta property=\"og:title\" content=\"Aktivit\u00e4t - Hotel DonnaRumma Casal Velino\" \/>\n<meta property=\"og:description\" content=\"DonnaRumma Hotel Aktivit\u00e4t Unser Hotel ist das perfekte Ziel f\u00fcr diejenigen, die einen aktiven Urlaub lieben: viele Vorschl\u00e4ge f\u00fcr diejenigen, die Outdoor-Aktivit\u00e4ten am Strand oder auf dem Meer durchf\u00fchren m\u00f6chten, und f\u00fcr diejenigen, die Ausfl\u00fcge in noch intakte Naturlandschaften lieben. Wassersport Das Wassersportzentrum Blue Soul befindet sich am Hotelstrand und ist Mitglied im VDWS (Verband [&hellip;]\" \/>\n<meta property=\"og:url\" content=\"https:\/\/donnarummahotel.it\/de\/aktivitaet\/\" \/>\n<meta property=\"og:site_name\" content=\"Hotel DonnaRumma Casal Velino\" \/>\n<meta property=\"article:modified_time\" content=\"2023-11-26T14:18:57+00:00\" \/>\n<meta property=\"og:image\" content=\"https:\/\/donnarummahotel.it\/wp-content\/uploads\/2023\/11\/attivita-donnarumma-hotel-04.jpg\" \/>\n<meta name=\"twitter:card\" content=\"summary_large_image\" \/>\n<meta name=\"twitter:label1\" content=\"Gesch\u00e4tzte Lesezeit\" \/>\n\t<meta name=\"twitter:data1\" content=\"2\u00a0Minuten\" \/>\n<script type=\"application\/ld+json\" class=\"yoast-schema-graph\">{\"@context\":\"https:\/\/schema.org\",\"@graph\":[{\"@type\":\"WebPage\",\"@id\":\"https:\/\/donnarummahotel.it\/de\/aktivitaet\/\",\"url\":\"https:\/\/donnarummahotel.it\/de\/aktivitaet\/\",\"name\":\"Aktivit\u00e4t - Hotel DonnaRumma Casal Velino\",\"isPartOf\":{\"@id\":\"https:\/\/donnarummahotel.it\/#website\"},\"datePublished\":\"2023-11-09T21:04:38+00:00\",\"dateModified\":\"2023-11-26T14:18:57+00:00\",\"breadcrumb\":{\"@id\":\"https:\/\/donnarummahotel.it\/de\/aktivitaet\/#breadcrumb\"},\"inLanguage\":\"de\",\"potentialAction\":[{\"@type\":\"ReadAction\",\"target\":[\"https:\/\/donnarummahotel.it\/de\/aktivitaet\/\"]}]},{\"@type\":\"BreadcrumbList\",\"@id\":\"https:\/\/donnarummahotel.it\/de\/aktivitaet\/#breadcrumb\",\"itemListElement\":[{\"@type\":\"ListItem\",\"position\":1,\"name\":\"Home\",\"item\":\"https:\/\/donnarummahotel.it\/\"},{\"@type\":\"ListItem\",\"position\":2,\"name\":\"Aktivit\u00e4t\"}]},{\"@type\":\"WebSite\",\"@id\":\"https:\/\/donnarummahotel.it\/#website\",\"url\":\"https:\/\/donnarummahotel.it\/\",\"name\":\"Hotel DonnaRumma Casal Velino\",\"description\":\"4 stelle Cilento\",\"publisher\":{\"@id\":\"https:\/\/donnarummahotel.it\/#organization\"},\"potentialAction\":[{\"@type\":\"SearchAction\",\"target\":{\"@type\":\"EntryPoint\",\"urlTemplate\":\"https:\/\/donnarummahotel.it\/?s={search_term_string}\"},\"query-input\":\"required name=search_term_string\"}],\"inLanguage\":\"de\"},{\"@type\":\"Organization\",\"@id\":\"https:\/\/donnarummahotel.it\/#organization\",\"name\":\"Hotel DonnaRumma Casal Velino\",\"url\":\"https:\/\/donnarummahotel.it\/\",\"logo\":{\"@type\":\"ImageObject\",\"inLanguage\":\"de\",\"@id\":\"https:\/\/donnarummahotel.it\/#\/schema\/logo\/image\/\",\"url\":\"https:\/\/donnarummahotel.it\/wp-content\/uploads\/2023\/12\/logo_donnarumma_hotel.png\",\"contentUrl\":\"https:\/\/donnarummahotel.it\/wp-content\/uploads\/2023\/12\/logo_donnarumma_hotel.png\",\"width\":250,\"height\":90,\"caption\":\"Hotel DonnaRumma Casal Velino\"},\"image\":{\"@id\":\"https:\/\/donnarummahotel.it\/#\/schema\/logo\/image\/\"}}]}<\/script>\n<!-- \/ Yoast SEO plugin. -->","yoast_head_json":{"title":"Aktivit\u00e4t - Hotel DonnaRumma Casal Velino","robots":{"index":"index","follow":"follow","max-snippet":"max-snippet:-1","max-image-preview":"max-image-preview:large","max-video-preview":"max-video-preview:-1"},"canonical":"https:\/\/donnarummahotel.it\/de\/aktivitaet\/","og_locale":"de_DE","og_type":"article","og_title":"Aktivit\u00e4t - Hotel DonnaRumma Casal Velino","og_description":"DonnaRumma Hotel Aktivit\u00e4t Unser Hotel ist das perfekte Ziel f\u00fcr diejenigen, die einen aktiven Urlaub lieben: viele Vorschl\u00e4ge f\u00fcr diejenigen, die Outdoor-Aktivit\u00e4ten am Strand oder auf dem Meer durchf\u00fchren m\u00f6chten, und f\u00fcr diejenigen, die Ausfl\u00fcge in noch intakte Naturlandschaften lieben. Wassersport Das Wassersportzentrum Blue Soul befindet sich am Hotelstrand und ist Mitglied im VDWS (Verband [&hellip;]","og_url":"https:\/\/donnarummahotel.it\/de\/aktivitaet\/","og_site_name":"Hotel DonnaRumma Casal Velino","article_modified_time":"2023-11-26T14:18:57+00:00","og_image":[{"url":"https:\/\/donnarummahotel.it\/wp-content\/uploads\/2023\/11\/attivita-donnarumma-hotel-04.jpg"}],"twitter_card":"summary_large_image","twitter_misc":{"Gesch\u00e4tzte Lesezeit":"2\u00a0Minuten"},"schema":{"@context":"https:\/\/schema.org","@graph":[{"@type":"WebPage","@id":"https:\/\/donnarummahotel.it\/de\/aktivitaet\/","url":"https:\/\/donnarummahotel.it\/de\/aktivitaet\/","name":"Aktivit\u00e4t - Hotel DonnaRumma Casal Velino","isPartOf":{"@id":"https:\/\/donnarummahotel.it\/#website"},"datePublished":"2023-11-09T21:04:38+00:00","dateModified":"2023-11-26T14:18:57+00:00","breadcrumb":{"@id":"https:\/\/donnarummahotel.it\/de\/aktivitaet\/#breadcrumb"},"inLanguage":"de","potentialAction":[{"@type":"ReadAction","target":["https:\/\/donnarummahotel.it\/de\/aktivitaet\/"]}]},{"@type":"BreadcrumbList","@id":"https:\/\/donnarummahotel.it\/de\/aktivitaet\/#breadcrumb","itemListElement":[{"@type":"ListItem","position":1,"name":"Home","item":"https:\/\/donnarummahotel.it\/"},{"@type":"ListItem","position":2,"name":"Aktivit\u00e4t"}]},{"@type":"WebSite","@id":"https:\/\/donnarummahotel.it\/#website","url":"https:\/\/donnarummahotel.it\/","name":"Hotel DonnaRumma Casal Velino","description":"4 stelle Cilento","publisher":{"@id":"https:\/\/donnarummahotel.it\/#organization"},"potentialAction":[{"@type":"SearchAction","target":{"@type":"EntryPoint","urlTemplate":"https:\/\/donnarummahotel.it\/?s={search_term_string}"},"query-input":"required name=search_term_string"}],"inLanguage":"de"},{"@type":"Organization","@id":"https:\/\/donnarummahotel.it\/#organization","name":"Hotel DonnaRumma Casal Velino","url":"https:\/\/donnarummahotel.it\/","logo":{"@type":"ImageObject","inLanguage":"de","@id":"https:\/\/donnarummahotel.it\/#\/schema\/logo\/image\/","url":"https:\/\/donnarummahotel.it\/wp-content\/uploads\/2023\/12\/logo_donnarumma_hotel.png","contentUrl":"https:\/\/donnarummahotel.it\/wp-content\/uploads\/2023\/12\/logo_donnarumma_hotel.png","width":250,"height":90,"caption":"Hotel DonnaRumma Casal Velino"},"image":{"@id":"https:\/\/donnarummahotel.it\/#\/schema\/logo\/image\/"}}]}},"_links":{"self":[{"href":"https:\/\/donnarummahotel.it\/de\/wp-json\/wp\/v2\/pages\/4623","targetHints":{"allow":["GET"]}}],"collection":[{"href":"https:\/\/donnarummahotel.it\/de\/wp-json\/wp\/v2\/pages"}],"about":[{"href":"https:\/\/donnarummahotel.it\/de\/wp-json\/wp\/v2\/types\/page"}],"author":[{"embeddable":true,"href":"https:\/\/donnarummahotel.it\/de\/wp-json\/wp\/v2\/users\/1"}],"replies":[{"embeddable":true,"href":"https:\/\/donnarummahotel.it\/de\/wp-json\/wp\/v2\/comments?post=4623"}],"version-history":[{"count":4,"href":"https:\/\/donnarummahotel.it\/de\/wp-json\/wp\/v2\/pages\/4623\/revisions"}],"predecessor-version":[{"id":4627,"href":"https:\/\/donnarummahotel.it\/de\/wp-json\/wp\/v2\/pages\/4623\/revisions\/4627"}],"wp:attachment":[{"href":"https:\/\/donnarummahotel.it\/de\/wp-json\/wp\/v2\/media?parent=4623"}],"curies":[{"name":"wp","href":"https:\/\/api.w.org\/{rel}","templated":true}]}}