{"id":4830,"date":"2023-11-09T22:39:31","date_gmt":"2023-11-09T21:39:31","guid":{"rendered":"https:\/\/donnarummahotel.itregolamento-hotel\/"},"modified":"2023-11-29T16:26:34","modified_gmt":"2023-11-29T15:26:34","slug":"hotelordnung","status":"publish","type":"page","link":"https:\/\/donnarummahotel.it\/de\/hotelordnung\/","title":{"rendered":"Hotelordnung Deutschland"},"content":{"rendered":"\t\t<div data-elementor-type=\"wp-page\" data-elementor-id=\"4830\" class=\"elementor elementor-4830 elementor-3046\">\n\t\t\t\t\t\t\t\t\t<section class=\"elementor-section elementor-top-section elementor-element elementor-element-9937b92 elementor-section-full_width elementor-section-height-default elementor-section-height-default\" data-id=\"9937b92\" data-element_type=\"section\">\n\t\t\t\t\t\t<div class=\"elementor-container elementor-column-gap-no\">\n\t\t\t\t\t<div class=\"elementor-column elementor-col-100 elementor-top-column elementor-element elementor-element-9e1e7a2\" data-id=\"9e1e7a2\" data-element_type=\"column\">\n\t\t\t<div class=\"elementor-widget-wrap elementor-element-populated\">\n\t\t\t\t\t\t\t\t<div class=\"elementor-element elementor-element-b6f5e23 elementor-align-left elementor-widget elementor-widget-pages-restaurant-banner\" data-id=\"b6f5e23\" data-element_type=\"widget\" data-widget_type=\"pages-restaurant-banner.default\">\n\t\t\t\t<div class=\"elementor-widget-container\">\n\t\t\t\r\n\t\t<header class=\"header slider\">\r\n\t\t\t<div class=\"owl-carousel owl-theme\">\r\n\t\t\t\t<!-- The opacity on the image is made with \"data-overlay-dark=\"number\". You can change it using the numbers 0-9. -->\r\n\t\t\t\t\t\t\t\t\t\t\t\t\t\t\t<div class=\"text-center item bg-img\" data-overlay-dark=\"3\" data-background=\"https:\/\/donnarummahotel.it\/wp-content\/uploads\/2023\/11\/piscina-donnarumma-hotel-04.jpg\"><\/div>\r\n\t\t\t\t\t\t\t\t\t\t\t\t\t\t\t\t\t\t\t\t<div class=\"text-center item bg-img\" data-overlay-dark=\"3\" data-background=\"https:\/\/donnarummahotel.it\/wp-content\/uploads\/2023\/11\/piscina-donnarumma-hotel-07.jpg\"><\/div>\r\n\t\t\t\t\t\t\t\t\t\t\t\t\t\t\t\t\t\t\t\t<div class=\"text-center item bg-img\" data-overlay-dark=\"3\" data-background=\"https:\/\/donnarummahotel.it\/wp-content\/uploads\/2023\/11\/terrazza-donnarumma-02.jpg\"><\/div>\r\n\t\t\t\t\t\t\t\t\t\t\t\t<\/div>\r\n\t\t\t<!-- arrow down -->\r\n\t\t\t<div class=\"arrow bounce text-center\">\r\n\t\t\t\t<a href=\"#\" data-scroll-nav=\"1\" class=\"\"> <i class=\"ti-arrow-down\"><\/i> <\/a>\r\n\t\t\t<\/div>\r\n\t\t<\/header>\r\n\r\n\t\t\r\n\t\t\t<\/div>\n\t\t\t\t<\/div>\n\t\t\t\t\t<\/div>\n\t\t<\/div>\n\t\t\t\t\t\t\t<\/div>\n\t\t<\/section>\n\t\t\t\t<section class=\"elementor-section elementor-top-section elementor-element elementor-element-a60d222 elementor-section-boxed elementor-section-height-default elementor-section-height-default\" data-id=\"a60d222\" data-element_type=\"section\">\n\t\t\t\t\t\t<div class=\"elementor-container elementor-column-gap-default\">\n\t\t\t\t\t<div class=\"elementor-column elementor-col-100 elementor-top-column elementor-element elementor-element-2306985\" data-id=\"2306985\" data-element_type=\"column\">\n\t\t\t<div class=\"elementor-widget-wrap elementor-element-populated\">\n\t\t\t\t\t\t\t\t<div class=\"elementor-element elementor-element-8d9b902 elementor-widget elementor-widget-text-editor\" data-id=\"8d9b902\" data-element_type=\"widget\" data-widget_type=\"text-editor.default\">\n\t\t\t\t<div class=\"elementor-widget-container\">\n\t\t\t<style>\/*! elementor - v3.17.0 - 08-11-2023 *\/\n.elementor-widget-text-editor.elementor-drop-cap-view-stacked .elementor-drop-cap{background-color:#69727d;color:#fff}.elementor-widget-text-editor.elementor-drop-cap-view-framed .elementor-drop-cap{color:#69727d;border:3px solid;background-color:transparent}.elementor-widget-text-editor:not(.elementor-drop-cap-view-default) .elementor-drop-cap{margin-top:8px}.elementor-widget-text-editor:not(.elementor-drop-cap-view-default) .elementor-drop-cap-letter{width:1em;height:1em}.elementor-widget-text-editor .elementor-drop-cap{float:left;text-align:center;line-height:1;font-size:50px}.elementor-widget-text-editor .elementor-drop-cap-letter{display:inline-block}<\/style>\t\t\t\t<p><strong>ZIMMER<\/strong><br \/>Anreise ab 15:00 Uhr<br \/>Abreise bis 10:00 Uhr<br \/>Jedes Zimmer ist mit einem W\u00e4schest\u00e4nder ausgestattet. Wir bitten unsere G\u00e4ste daher, ausschlie\u00dflich nur dieses Zubeh\u00f6r zu verwenden.<br \/>F\u00fcr die Nutzung der Klimaanlage ist es notwendig, die Rolll\u00e4den geschlossen zu halten. Die Klimaanlage ist automatisch auf 22 Grad eingestellt.<br \/>Alle Zimmer sind Nichtraucherzimmer.<br \/>Von 14.30 bis 16.30 Uhr und von 23.00 bis 08.00 Uhr m\u00fcssen die Ruhezeiten eingehalten werden.<br \/>Es ist verboten, Speisen und alkoholische Getr\u00e4nke in die Zimmer mitzubringen und zu konsumieren.<br \/>SKY-TV 401-412<br \/>Deutsche Fernsehsender 412-420<\/p>\n<p><strong>RESTAURANT<\/strong><br \/>Die \u00d6ffnungszeiten des Restaurants sind wie folgt:<br \/>Fr\u00fchst\u00fcck: 8:00 \u2013 9:30 Uhr<br \/>Mittagessen: 13:00 \u2013 13:30 Uhr (Kinder von 12:30 bis 13:00 Uhr)<br \/>Abendessen: 20.00 \u2013 21.00 Uhr (Kinder von 19.30 bis 20.00 Uhr)<br \/>Hotelbar: 8:00 \u2013 24:00 Uhr<br \/>Nach Mitternacht ist der Barbetrieb auf der DonnaRumma Terrasse garantiert. F\u00fcr Getr\u00e4nke m\u00fcssen Sie die elektronische Karte verwenden, die an der Hotelrezeption aufgeladen werden muss.<\/p>\n<p><strong>BAR-SERVICE IM ZIMMER kostet zus\u00e4tzlich 5,00 \u20ac<\/strong><\/p>\n<p><strong>FR\u00dcHST\u00dcCK IM ZIMMER kostet zus\u00e4tzlich 20 \u20ac pro Person<\/strong><\/p>\n<p><strong>STRAND<\/strong><br \/>Der Strand, der ausschlie\u00dflich unseren G\u00e4sten vorbehalten ist, liegt gegen\u00fcber von dem Hotel auf der linken Seite. Jedes Zimmer hat Anspruch auf einen Sonnenschirm und zwei Sonnenliegen. Die Schirme werden nach Kategorie der Zimmer vergeben.<br \/>Die Nutzung des Strandes ist von 9:00 bis 13:00 Uhr und von 15:00 bis 19:00 Uhr gestattet.<br \/>Bitte lassen Sie am Abend, vor Ihrer R\u00fcckkehr auf die Zimmer, keine Handt\u00fccher oder Spiele f\u00fcr Kinder am Strand zur\u00fcck, um die Reinigung des Strandes zu erleichtern.<\/p>\n<p><strong>Pool<\/strong><br \/>Die \u00d6ffnungszeiten des Pools sind von 9:00 bis 13:00 Uhr und von 16:00 bis 19:30 Uhr.<br \/>Bitte lassen Sie keine Strandt\u00fccher oder Handt\u00fccher auf den Sonnenliegen liegen. Es wird auch gebeten, die Ruhezeiten von 14:00 bis 16:30 Uhr einzuhalten.<\/p>\n<p><strong>PARKEN<\/strong><br \/>Unsere Parkpl\u00e4tze sind privat und unbewacht. Wenn Sie auf dem hoteleigenen Parkplatz keinen Platz finden, k\u00f6nnen Sie den Parkplatz gegen\u00fcber, auf der DonnaRumma-Terrasse nutzen.<\/p>\n<p><strong>W-LAN<\/strong><br \/>Die Internetverbindung wird durch das<strong>DonnarummaHotel OpenNet , la password \u00e8 hotel4321<\/strong> . Die Erstellung eines Nutzer-Kontos ist erforderlich.<br \/>Unsere Rezeption ist t\u00e4glich von 8:00 bis 22:00 Uhr besetzt. Der Nachtportier von 22:00 bis 8:00 Uhr erreichbar.<\/p>\n<p><strong>INTERNE TELEFONIE<\/strong><br \/>Rezeption: 9<br \/>Bar \u2013 Restaurant : 409<br \/>DonnaRumma Terrasse 0974-274905<\/p>\n\t\t\t\t\t\t<\/div>\n\t\t\t\t<\/div>\n\t\t\t\t\t<\/div>\n\t\t<\/div>\n\t\t\t\t\t\t\t<\/div>\n\t\t<\/section>\n\t\t\t\t\t\t\t<\/div>\n\t\t","protected":false},"excerpt":{"rendered":"<p>ZIMMERAnreise ab 15:00 UhrAbreise bis 10:00 UhrJedes Zimmer ist mit einem W\u00e4schest\u00e4nder ausgestattet. Wir bitten unsere G\u00e4ste daher, ausschlie\u00dflich nur dieses Zubeh\u00f6r zu verwenden.F\u00fcr die Nutzung der Klimaanlage ist es notwendig, die Rolll\u00e4den geschlossen zu halten. Die Klimaanlage ist automatisch auf 22 Grad eingestellt.Alle Zimmer sind Nichtraucherzimmer.Von 14.30 bis 16.30 Uhr und von 23.00 bis [&hellip;]<\/p>\n","protected":false},"author":1,"featured_media":0,"parent":0,"menu_order":0,"comment_status":"closed","ping_status":"closed","template":"page-templates\/home.php","meta":{"footnotes":""},"class_list":["post-4830","page","type-page","status-publish","hentry"],"yoast_head":"<!-- This site is optimized with the Yoast SEO plugin v21.7 - https:\/\/yoast.com\/wordpress\/plugins\/seo\/ -->\n<title>Hotelordnung Deutschland - Hotel DonnaRumma Casal Velino<\/title>\n<meta name=\"robots\" content=\"index, follow, max-snippet:-1, max-image-preview:large, max-video-preview:-1\" \/>\n<link rel=\"canonical\" href=\"https:\/\/donnarummahotel.it\/de\/hotelordnung\/\" \/>\n<meta property=\"og:locale\" content=\"de_DE\" \/>\n<meta property=\"og:type\" content=\"article\" \/>\n<meta property=\"og:title\" content=\"Hotelordnung Deutschland - Hotel DonnaRumma Casal Velino\" \/>\n<meta property=\"og:description\" content=\"ZIMMERAnreise ab 15:00 UhrAbreise bis 10:00 UhrJedes Zimmer ist mit einem W\u00e4schest\u00e4nder ausgestattet. Wir bitten unsere G\u00e4ste daher, ausschlie\u00dflich nur dieses Zubeh\u00f6r zu verwenden.F\u00fcr die Nutzung der Klimaanlage ist es notwendig, die Rolll\u00e4den geschlossen zu halten. Die Klimaanlage ist automatisch auf 22 Grad eingestellt.Alle Zimmer sind Nichtraucherzimmer.Von 14.30 bis 16.30 Uhr und von 23.00 bis [&hellip;]\" \/>\n<meta property=\"og:url\" content=\"https:\/\/donnarummahotel.it\/de\/hotelordnung\/\" \/>\n<meta property=\"og:site_name\" content=\"Hotel DonnaRumma Casal Velino\" \/>\n<meta property=\"article:modified_time\" content=\"2023-11-29T15:26:34+00:00\" \/>\n<meta name=\"twitter:card\" content=\"summary_large_image\" \/>\n<meta name=\"twitter:label1\" content=\"Gesch\u00e4tzte Lesezeit\" \/>\n\t<meta name=\"twitter:data1\" content=\"2\u00a0Minuten\" \/>\n<script type=\"application\/ld+json\" class=\"yoast-schema-graph\">{\"@context\":\"https:\/\/schema.org\",\"@graph\":[{\"@type\":\"WebPage\",\"@id\":\"https:\/\/donnarummahotel.it\/de\/hotelordnung\/\",\"url\":\"https:\/\/donnarummahotel.it\/de\/hotelordnung\/\",\"name\":\"Hotelordnung Deutschland - Hotel DonnaRumma Casal Velino\",\"isPartOf\":{\"@id\":\"https:\/\/donnarummahotel.it\/#website\"},\"datePublished\":\"2023-11-09T21:39:31+00:00\",\"dateModified\":\"2023-11-29T15:26:34+00:00\",\"breadcrumb\":{\"@id\":\"https:\/\/donnarummahotel.it\/de\/hotelordnung\/#breadcrumb\"},\"inLanguage\":\"de\",\"potentialAction\":[{\"@type\":\"ReadAction\",\"target\":[\"https:\/\/donnarummahotel.it\/de\/hotelordnung\/\"]}]},{\"@type\":\"BreadcrumbList\",\"@id\":\"https:\/\/donnarummahotel.it\/de\/hotelordnung\/#breadcrumb\",\"itemListElement\":[{\"@type\":\"ListItem\",\"position\":1,\"name\":\"Home\",\"item\":\"https:\/\/donnarummahotel.it\/\"},{\"@type\":\"ListItem\",\"position\":2,\"name\":\"Hotelordnung Deutschland\"}]},{\"@type\":\"WebSite\",\"@id\":\"https:\/\/donnarummahotel.it\/#website\",\"url\":\"https:\/\/donnarummahotel.it\/\",\"name\":\"Hotel DonnaRumma Casal Velino\",\"description\":\"4 stelle Cilento\",\"publisher\":{\"@id\":\"https:\/\/donnarummahotel.it\/#organization\"},\"potentialAction\":[{\"@type\":\"SearchAction\",\"target\":{\"@type\":\"EntryPoint\",\"urlTemplate\":\"https:\/\/donnarummahotel.it\/?s={search_term_string}\"},\"query-input\":\"required name=search_term_string\"}],\"inLanguage\":\"de\"},{\"@type\":\"Organization\",\"@id\":\"https:\/\/donnarummahotel.it\/#organization\",\"name\":\"Hotel DonnaRumma Casal Velino\",\"url\":\"https:\/\/donnarummahotel.it\/\",\"logo\":{\"@type\":\"ImageObject\",\"inLanguage\":\"de\",\"@id\":\"https:\/\/donnarummahotel.it\/#\/schema\/logo\/image\/\",\"url\":\"https:\/\/donnarummahotel.it\/wp-content\/uploads\/2023\/12\/logo_donnarumma_hotel.png\",\"contentUrl\":\"https:\/\/donnarummahotel.it\/wp-content\/uploads\/2023\/12\/logo_donnarumma_hotel.png\",\"width\":250,\"height\":90,\"caption\":\"Hotel DonnaRumma Casal Velino\"},\"image\":{\"@id\":\"https:\/\/donnarummahotel.it\/#\/schema\/logo\/image\/\"}}]}<\/script>\n<!-- \/ Yoast SEO plugin. -->","yoast_head_json":{"title":"Hotelordnung Deutschland - Hotel DonnaRumma Casal Velino","robots":{"index":"index","follow":"follow","max-snippet":"max-snippet:-1","max-image-preview":"max-image-preview:large","max-video-preview":"max-video-preview:-1"},"canonical":"https:\/\/donnarummahotel.it\/de\/hotelordnung\/","og_locale":"de_DE","og_type":"article","og_title":"Hotelordnung Deutschland - Hotel DonnaRumma Casal Velino","og_description":"ZIMMERAnreise ab 15:00 UhrAbreise bis 10:00 UhrJedes Zimmer ist mit einem W\u00e4schest\u00e4nder ausgestattet. Wir bitten unsere G\u00e4ste daher, ausschlie\u00dflich nur dieses Zubeh\u00f6r zu verwenden.F\u00fcr die Nutzung der Klimaanlage ist es notwendig, die Rolll\u00e4den geschlossen zu halten. Die Klimaanlage ist automatisch auf 22 Grad eingestellt.Alle Zimmer sind Nichtraucherzimmer.Von 14.30 bis 16.30 Uhr und von 23.00 bis [&hellip;]","og_url":"https:\/\/donnarummahotel.it\/de\/hotelordnung\/","og_site_name":"Hotel DonnaRumma Casal Velino","article_modified_time":"2023-11-29T15:26:34+00:00","twitter_card":"summary_large_image","twitter_misc":{"Gesch\u00e4tzte Lesezeit":"2\u00a0Minuten"},"schema":{"@context":"https:\/\/schema.org","@graph":[{"@type":"WebPage","@id":"https:\/\/donnarummahotel.it\/de\/hotelordnung\/","url":"https:\/\/donnarummahotel.it\/de\/hotelordnung\/","name":"Hotelordnung Deutschland - Hotel DonnaRumma Casal Velino","isPartOf":{"@id":"https:\/\/donnarummahotel.it\/#website"},"datePublished":"2023-11-09T21:39:31+00:00","dateModified":"2023-11-29T15:26:34+00:00","breadcrumb":{"@id":"https:\/\/donnarummahotel.it\/de\/hotelordnung\/#breadcrumb"},"inLanguage":"de","potentialAction":[{"@type":"ReadAction","target":["https:\/\/donnarummahotel.it\/de\/hotelordnung\/"]}]},{"@type":"BreadcrumbList","@id":"https:\/\/donnarummahotel.it\/de\/hotelordnung\/#breadcrumb","itemListElement":[{"@type":"ListItem","position":1,"name":"Home","item":"https:\/\/donnarummahotel.it\/"},{"@type":"ListItem","position":2,"name":"Hotelordnung Deutschland"}]},{"@type":"WebSite","@id":"https:\/\/donnarummahotel.it\/#website","url":"https:\/\/donnarummahotel.it\/","name":"Hotel DonnaRumma Casal Velino","description":"4 stelle Cilento","publisher":{"@id":"https:\/\/donnarummahotel.it\/#organization"},"potentialAction":[{"@type":"SearchAction","target":{"@type":"EntryPoint","urlTemplate":"https:\/\/donnarummahotel.it\/?s={search_term_string}"},"query-input":"required name=search_term_string"}],"inLanguage":"de"},{"@type":"Organization","@id":"https:\/\/donnarummahotel.it\/#organization","name":"Hotel DonnaRumma Casal Velino","url":"https:\/\/donnarummahotel.it\/","logo":{"@type":"ImageObject","inLanguage":"de","@id":"https:\/\/donnarummahotel.it\/#\/schema\/logo\/image\/","url":"https:\/\/donnarummahotel.it\/wp-content\/uploads\/2023\/12\/logo_donnarumma_hotel.png","contentUrl":"https:\/\/donnarummahotel.it\/wp-content\/uploads\/2023\/12\/logo_donnarumma_hotel.png","width":250,"height":90,"caption":"Hotel DonnaRumma Casal Velino"},"image":{"@id":"https:\/\/donnarummahotel.it\/#\/schema\/logo\/image\/"}}]}},"_links":{"self":[{"href":"https:\/\/donnarummahotel.it\/de\/wp-json\/wp\/v2\/pages\/4830","targetHints":{"allow":["GET"]}}],"collection":[{"href":"https:\/\/donnarummahotel.it\/de\/wp-json\/wp\/v2\/pages"}],"about":[{"href":"https:\/\/donnarummahotel.it\/de\/wp-json\/wp\/v2\/types\/page"}],"author":[{"embeddable":true,"href":"https:\/\/donnarummahotel.it\/de\/wp-json\/wp\/v2\/users\/1"}],"replies":[{"embeddable":true,"href":"https:\/\/donnarummahotel.it\/de\/wp-json\/wp\/v2\/comments?post=4830"}],"version-history":[{"count":2,"href":"https:\/\/donnarummahotel.it\/de\/wp-json\/wp\/v2\/pages\/4830\/revisions"}],"predecessor-version":[{"id":4832,"href":"https:\/\/donnarummahotel.it\/de\/wp-json\/wp\/v2\/pages\/4830\/revisions\/4832"}],"wp:attachment":[{"href":"https:\/\/donnarummahotel.it\/de\/wp-json\/wp\/v2\/media?parent=4830"}],"curies":[{"name":"wp","href":"https:\/\/api.w.org\/{rel}","templated":true}]}}