{"id":4411,"date":"2022-04-29T02:59:04","date_gmt":"2022-04-29T00:59:04","guid":{"rendered":"https:\/\/donnarummahotel.itrestaurant\/"},"modified":"2024-06-21T20:10:25","modified_gmt":"2024-06-21T18:10:25","slug":"restaurant","status":"publish","type":"page","link":"https:\/\/donnarummahotel.it\/en\/restaurant\/","title":{"rendered":"Restaurant"},"content":{"rendered":"\t\t<div data-elementor-type=\"wp-page\" data-elementor-id=\"4411\" class=\"elementor elementor-4411 elementor-86\">\n\t\t\t\t\t\t\t\t\t<section class=\"elementor-section elementor-top-section elementor-element elementor-element-199bde5 elementor-section-full_width elementor-section-height-default elementor-section-height-default\" data-id=\"199bde5\" data-element_type=\"section\">\n\t\t\t\t\t\t<div class=\"elementor-container elementor-column-gap-no\">\n\t\t\t\t\t<div class=\"elementor-column elementor-col-100 elementor-top-column elementor-element elementor-element-a9b8ebf\" data-id=\"a9b8ebf\" data-element_type=\"column\">\n\t\t\t<div class=\"elementor-widget-wrap elementor-element-populated\">\n\t\t\t\t\t\t\t\t<div class=\"elementor-element elementor-element-6e22834 elementor-align-left elementor-widget elementor-widget-pages-restaurant-banner\" data-id=\"6e22834\" data-element_type=\"widget\" data-widget_type=\"pages-restaurant-banner.default\">\n\t\t\t\t<div class=\"elementor-widget-container\">\n\t\t\t\r\n\t\t<header class=\"header slider\">\r\n\t\t\t<div class=\"owl-carousel owl-theme\">\r\n\t\t\t\t<!-- The opacity on the image is made with \"data-overlay-dark=\"number\". You can change it using the numbers 0-9. -->\r\n\t\t\t\t\t\t\t\t\t\t\t\t\t\t\t<div class=\"text-center item bg-img\" data-overlay-dark=\"3\" data-background=\"https:\/\/donnarummahotel.it\/wp-content\/uploads\/2023\/11\/ristorante-donnarumma-hotel-01.jpg\"><\/div>\r\n\t\t\t\t\t\t\t\t\t\t\t\t\t\t\t\t\t\t\t\t<div class=\"text-center item bg-img\" data-overlay-dark=\"3\" data-background=\"https:\/\/donnarummahotel.it\/wp-content\/uploads\/2023\/11\/ristorante-donnarumma-hotel-03.jpg\"><\/div>\r\n\t\t\t\t\t\t\t\t\t\t\t\t\t\t\t\t\t\t\t\t<div class=\"text-center item bg-img\" data-overlay-dark=\"3\" data-background=\"https:\/\/donnarummahotel.it\/wp-content\/uploads\/2023\/11\/ristorante-donnarumma-hotel-04.jpg\"><\/div>\r\n\t\t\t\t\t\t\t\t\t\t\t\t<\/div>\r\n\t\t\t<!-- arrow down -->\r\n\t\t\t<div class=\"arrow bounce text-center\">\r\n\t\t\t\t<a href=\"#\" data-scroll-nav=\"1\" class=\"\"> <i class=\"ti-arrow-down\"><\/i> <\/a>\r\n\t\t\t<\/div>\r\n\t\t<\/header>\r\n\r\n\t\t\r\n\t\t\t<\/div>\n\t\t\t\t<\/div>\n\t\t\t\t\t<\/div>\n\t\t<\/div>\n\t\t\t\t\t\t\t<\/div>\n\t\t<\/section>\n\t\t\t\t<section class=\"elementor-section elementor-top-section elementor-element elementor-element-f75261f elementor-section-full_width elementor-section-height-default elementor-section-height-default\" data-id=\"f75261f\" data-element_type=\"section\">\n\t\t\t\t\t\t<div class=\"elementor-container elementor-column-gap-no\">\n\t\t\t\t\t<div class=\"elementor-column elementor-col-100 elementor-top-column elementor-element elementor-element-003bdf4\" data-id=\"003bdf4\" data-element_type=\"column\">\n\t\t\t<div class=\"elementor-widget-wrap elementor-element-populated\">\n\t\t\t\t\t\t\t\t<div class=\"elementor-element elementor-element-b9f6e29 elementor-align-left elementor-widget elementor-widget-pages-restaurant-content\" data-id=\"b9f6e29\" data-element_type=\"widget\" data-widget_type=\"pages-restaurant-content.default\">\n\t\t\t\t<div class=\"elementor-widget-container\">\n\t\t\t\n\t\t<section class=\"rooms-page section-padding\" data-scroll-index=\"1\">\n\t\t\t<div class=\"container\">\n\t\t\t\t<div class=\"row\">\n\t\t\t\t\t<div class=\"col-md-12 text-left\"> \n\t\t\t\t\t\t\t\t\t\t\t\t<span>\n\t\t\t\t\t\t\t\t\t\t\t\t\t\t\t<i class=\"star-rating\"><\/i>\n\t\t\t\t\t\t\t\t<i class=\"star-rating\"><\/i>\n\t\t\t\t\t\t\t\t<i class=\"star-rating\"><\/i>\n\t\t\t\t\t\t\t\t<i class=\"star-rating\"><\/i>\n\t\t\t\t\t\t\t\t\t\t\t\t\t<\/span>\n\t\t\t\t\t\t\t\t\t\t\t\t\t\t\t\t\t\t\t<div class=\"section-subtitle\">DonnaRumma Hotel<\/div>\n\t\t\t\t\t\t\t\t\t\t\t\t\t\t\t\t\t\t\t<div class=\"section-title\">Restaurant<\/div>\n\t\t\t\t\t\t\t\t\t\t\t<\/div>\n\t\t\t\t\t<div class=\"col-md-12\">\n\t\t\t\t\t\t\t\t\t\t\t\t<p class=\"mb-30\">In our restaurant with panoramic views you can enjoy traditional Mediterranean cuisine and regional specialties prepared by our chef and his team. Start the day with a hearty breakfast and enjoy our multi-course menu. Furthermore, for children and celiacs, we serve adequate catering. The restaurant has an internal room with 170 seats, and on request it is possible to set up by the pool or on the panoramic terrace. Most of the products used come directly from Cilento producers, such as those of Tenuta Cobbellis, and a list of the best Campania wines is also available. We are also available for the organization of meetings, ceremonies and weddings.<\/p>\n<h6>Timetables<\/h6>\n<ul class=\"list-unstyled page-list mb-30\">\n\t<li>\n\t\t<div class=\"page-list-icon\"> <span class=\"ti-time\"><\/span> <\/div>\n\t\t<div class=\"page-list-text\">\n\t\t\t<p>Breakfast: 8:00 am \u2013 09:30 am<\/p>\n\t\t<\/div>\n\t<\/li>\n\t<li>\n\t\t<div class=\"page-list-icon\"> <span class=\"ti-time\"><\/span> <\/div>\n\t\t<div class=\"page-list-text\">\n\t\t\t<p>Lunch: 1:00 pm \u2013 1:30 pm<\/p>\n\t\t<\/div>\n\t<\/li>\n\t<li>\n\t\t<div class=\"page-list-icon\"> <span class=\"ti-time\"><\/span> <\/div>\n\t\t<div class=\"page-list-text\">\n\t\t\t<p>Dinner: 8:00 pm - 09:00 pm<\/p>\n\t\t<\/div>\n\t<\/li>\n<\/ul>\n<h6>Bar<\/h6>\n<p>Bar service is also available by the pool.<\/p>\n<h6>Special menus<\/h6>\n<p>Children's menu and dishes for celiacs available<\/p>\t\t\t\t\t\t\t\t\t\t\t\t<ul class=\"list-unstyled page-list mb-30\">\n\t\t\t\t\t\t\t\t\t\t\t\t\t<\/ul>\n\t\t\t\t\t<\/div>\n\t\t\t\t<\/div>\n\t\t\t<\/div>\n\t\t<\/section>\n\n\t\t\t<\/div>\n\t\t\t\t<\/div>\n\t\t\t\t\t<\/div>\n\t\t<\/div>\n\t\t\t\t\t\t\t<\/div>\n\t\t<\/section>\n\t\t\t\t<section class=\"elementor-section elementor-top-section elementor-element elementor-element-bf1f030 elementor-section-full_width elementor-section-height-default elementor-section-height-default\" data-id=\"bf1f030\" data-element_type=\"section\">\n\t\t\t\t\t\t<div class=\"elementor-container elementor-column-gap-no\">\n\t\t\t\t\t<div class=\"elementor-column elementor-col-100 elementor-top-column elementor-element elementor-element-cb5b783\" data-id=\"cb5b783\" data-element_type=\"column\">\n\t\t\t<div class=\"elementor-widget-wrap elementor-element-populated\">\n\t\t\t\t\t\t\t\t<div class=\"elementor-element elementor-element-27dfdc0 elementor-align-left elementor-widget elementor-widget-pages-gallery\" data-id=\"27dfdc0\" data-element_type=\"widget\" data-widget_type=\"pages-gallery.default\">\n\t\t\t\t<div class=\"elementor-widget-container\">\n\t\t\t\r\n\t\t<section class=\"section-padding\">\r\n\t\t\t<div class=\"container\">\r\n\t\t\t\t<div class=\"row\">\r\n\t\t\t\t\t<div class=\"col-md-12\">\r\n\t\t\t\t\t\t\t\t\t\t\t\t\t\t\t\t\t<\/div>\r\n\t\t\t\t\t<!-- 3 columns -->\r\n\t\t\t\t\t\t\t\t\t\t\t\t\t\t\t\t\t<div class=\"col-md-4 gallery-item\">\r\n\t\t\t\t\t\t\t\t\t\t\t\t\t\t\t\t\t\t\t<a href=\"https:\/\/donnarummahotel.it\/wp-content\/uploads\/2023\/11\/ristorante-donnarumma-hotel-02.jpg\" title=\"\" class=\"img-zoom\">\r\n\t\t\t\t\t\t\t\t<div class=\"gallery-box\">\r\n\t\t\t\t\t\t\t\t\t<div class=\"gallery-img\"> <img decoding=\"async\" src=\"https:\/\/donnarummahotel.it\/wp-content\/uploads\/2023\/11\/ristorante-donnarumma-hotel-02.jpg\" class=\"img-fluid mx-auto d-block\" alt=\"work-img\"> <\/div>\r\n\t\t\t\t\t\t\t\t<\/div>\r\n\t\t\t\t\t\t\t<\/a>\r\n\t\t\t\t\t\t\t\t\t\t\t\t\t<\/div>\r\n\t\t\t\t\t\t\t\t\t\t\t\t\t\t\t\t\t<div class=\"col-md-4 gallery-item\">\r\n\t\t\t\t\t\t\t\t\t\t\t\t\t\t\t\t\t\t\t<a href=\"https:\/\/donnarummahotel.it\/wp-content\/uploads\/2023\/11\/ristorante-donnarumma-hotel-05.jpg\" title=\"\" class=\"img-zoom\">\r\n\t\t\t\t\t\t\t\t<div class=\"gallery-box\">\r\n\t\t\t\t\t\t\t\t\t<div class=\"gallery-img\"> <img decoding=\"async\" src=\"https:\/\/donnarummahotel.it\/wp-content\/uploads\/2023\/11\/ristorante-donnarumma-hotel-05.jpg\" class=\"img-fluid mx-auto d-block\" alt=\"work-img\"> <\/div>\r\n\t\t\t\t\t\t\t\t<\/div>\r\n\t\t\t\t\t\t\t<\/a>\r\n\t\t\t\t\t\t\t\t\t\t\t\t\t<\/div>\r\n\t\t\t\t\t\t\t\t\t\t\t\t\t\t\t\t\t<div class=\"col-md-4 gallery-item\">\r\n\t\t\t\t\t\t\t\t\t\t\t\t\t\t\t\t\t\t\t<a href=\"https:\/\/donnarummahotel.it\/wp-content\/uploads\/2023\/11\/ristorante-donnarumma-hotel-06.jpg\" title=\"\" class=\"img-zoom\">\r\n\t\t\t\t\t\t\t\t<div class=\"gallery-box\">\r\n\t\t\t\t\t\t\t\t\t<div class=\"gallery-img\"> <img decoding=\"async\" src=\"https:\/\/donnarummahotel.it\/wp-content\/uploads\/2023\/11\/ristorante-donnarumma-hotel-06.jpg\" class=\"img-fluid mx-auto d-block\" alt=\"work-img\"> <\/div>\r\n\t\t\t\t\t\t\t\t<\/div>\r\n\t\t\t\t\t\t\t<\/a>\r\n\t\t\t\t\t\t\t\t\t\t\t\t\t<\/div>\r\n\t\t\t\t\t\t\t\t\t<\/div>\r\n\t\t\t<\/div>\r\n\t\t<\/section>\r\n\t\t\r\n\r\n\t\t\t<\/div>\n\t\t\t\t<\/div>\n\t\t\t\t\t<\/div>\n\t\t<\/div>\n\t\t\t\t\t\t\t<\/div>\n\t\t<\/section>\n\t\t\t\t<section class=\"elementor-section elementor-top-section elementor-element elementor-element-f0ea3d0 elementor-section-full_width elementor-section-height-default elementor-section-height-default\" data-id=\"f0ea3d0\" data-element_type=\"section\">\n\t\t\t\t\t\t<div class=\"elementor-container elementor-column-gap-no\">\n\t\t\t\t\t<div class=\"elementor-column elementor-col-100 elementor-top-column elementor-element elementor-element-3df5cff\" data-id=\"3df5cff\" data-element_type=\"column\">\n\t\t\t<div class=\"elementor-widget-wrap elementor-element-populated\">\n\t\t\t\t\t\t\t\t<div class=\"elementor-element elementor-element-c825c2d elementor-align-left elementor-widget elementor-widget-home-testimonials\" data-id=\"c825c2d\" data-element_type=\"widget\" data-widget_type=\"home-testimonials.default\">\n\t\t\t\t<div class=\"elementor-widget-container\">\n\t\t\t\n\t\t<section class=\"testimonials\">\n\t\t\t\t\t\t<div class=\"background bg-img bg-fixed section-padding pb-0\" data-background=\"https:\/\/donnarummahotel.it\/wp-content\/uploads\/2023\/11\/donnarumma-hotel-p03.jpg\" data-overlay-dark=\"3\">\n\t\t\t\t\t\t\t<div class=\"container\">\n\t\t\t\t\t<div class=\"row\">\n\t\t\t\t\t\t<div class=\"col-md-8 offset-md-2\">\n\t\t\t\t\t\t\t<div class=\"testimonials-box\">\n\t\t\t\t\t\t\t\t<div class=\"head-box\">\n\t\t\t\t\t\t\t\t\t\t\t\t\t\t\t\t\t\t<h6>Recensioni<\/h6>\n\t\t\t\t\t\t\t\t\t\t\t\t\t\t\t\t\t\t\t\t\t\t\t\t\t\t\t<h4>Parola agli Ospiti<\/h4>\n\t\t\t\t\t\t\t\t\t\t\t\t\t\t\t\t\t\t<div class=\"line\"><\/div>\n\t\t\t\t\t\t\t\t<\/div>\n\t\t\t\t\t\t\t\t<div class=\"owl-carousel owl-theme\">\n\t\t\t\t\t\t\t\t\t\t\t\t\t\t\t\t\t\t\t<div class=\"item\">\n\t\t\t\t\t\t\t\t\t\t\t\t\t\t\t\t\t\t\t\t\t\t\t<span class=\"quote\"><img decoding=\"async\" src=\"https:\/\/shtheme.com\/demosd\/thecappawp\/wp-content\/uploads\/2022\/06\/quot.png\" alt=\"\"><\/span>\n\t\t\t\t\t\t\t\t\t\t\t\t\t\t\t\t\t\t\t\t\t\t\t\t\t\t\t\t\t\t\t\t\t\t<p>Ottimo albergo, posizione fantastica, ottima cucina, grande disponibilit\u00e0 e cortesia del personale. Appena potremo ritorneremo sicuramente. Bravi!! Anche il rapporto qualit\u00e0 prezzo \u00e8 ottimo.<\/p>\n\t\t\t\t\t\t\t\t\t\t\t\t\t\t\t\t\t\t\t\t\t\t<div class=\"info\">\n\t\t\t\t\t\t\t\t\t\t\t\t\t\t\t\t\t\t\t\t\t\t\t\t\t<div class=\"author-img\"> <img decoding=\"async\" src=\"https:\/\/donnarummahotel.it\/wp-content\/uploads\/2023\/11\/icona-tripadvisor.jpg\" alt=\"\"> <\/div>\n\t\t\t\t\t\t\t\t\t\t\t\t\t\t\t\t\t\t\t\t\t\t\t\t<div class=\"cont\"> \n\t\t\t\t\t\t\t\t\t\t\t\t\t\t\t\t\t\t\t\t\t\t\t\t\t\t<span>\n\t\t\t\t\t\t\t\t\t\t\t\t\t\t\t\t\t\t\t\t\t\t\t\t\t\t\t\t\t<i class=\"star-rating\"><\/i>\n\t\t\t\t\t\t\t\t\t\t\t\t\t\t\t<i class=\"star-rating\"><\/i>\n\t\t\t\t\t\t\t\t\t\t\t\t\t\t\t<i class=\"star-rating\"><\/i>\n\t\t\t\t\t\t\t\t\t\t\t\t\t\t\t<i class=\"star-rating\"><\/i>\n\t\t\t\t\t\t\t\t\t\t\t\t\t\t\t<i class=\"star-rating\"><\/i>\n\t\t\t\t\t\t\t\t\t\t\t\t\t\t\t\t\t\t\t\t\t\t\t\t\t\t\t<\/span>\n\t\t\t\t\t\t\t\t\t\t\t\t\t\t\t\t\t\t\t\t\t\t\t\t\t\t\t\t\t\t\t\t\t\t\t\t\t\t\t\t<h6>Barbara C<\/h6> \n\t\t\t\t\t\t\t\t\t\t\t\t\t\t\t\t\t\t\t\t\t\t\t\t\t\t\t\t\t\t\t\t\t\t\t\t\t\t\t\t<span>Tripadvisor<\/span>\n\t\t\t\t\t\t\t\t\t\t\t\t\t\t\t\t\t\t\t\t\t\t\t\t\t<\/div>\n\t\t\t\t\t\t\t\t\t\t\t<\/div>\n\t\t\t\t\t\t\t\t\t\t<\/div>\n\t\t\t\t\t\t\t\t\t\t\t\t\t\t\t\t\t\t\t<div class=\"item\">\n\t\t\t\t\t\t\t\t\t\t\t\t\t\t\t\t\t\t\t\t\t\t\t<span class=\"quote\"><img decoding=\"async\" src=\"https:\/\/shtheme.com\/demosd\/thecappawp\/wp-content\/uploads\/2022\/06\/quot.png\" alt=\"\"><\/span>\n\t\t\t\t\t\t\t\t\t\t\t\t\t\t\t\t\t\t\t\t\t\t\t\t\t\t\t\t\t\t\t\t\t\t<p>Non posso non parlare anche del cibo dato che lo chef ci ha deliziato con ricette fantasiose o della tradizione per sette giorni. Tutto squisito dai primi, ai secondi, dai contorni sempre diversi e gustosi ai dessert. Una vera vacanza gastronomica!<\/p>\n\t\t\t\t\t\t\t\t\t\t\t\t\t\t\t\t\t\t\t\t\t\t<div class=\"info\">\n\t\t\t\t\t\t\t\t\t\t\t\t\t\t\t\t\t\t\t\t\t\t\t\t\t<div class=\"author-img\"> <img decoding=\"async\" src=\"https:\/\/donnarummahotel.it\/wp-content\/uploads\/2023\/11\/icona-tripadvisor.jpg\" alt=\"\"> <\/div>\n\t\t\t\t\t\t\t\t\t\t\t\t\t\t\t\t\t\t\t\t\t\t\t\t<div class=\"cont\"> \n\t\t\t\t\t\t\t\t\t\t\t\t\t\t\t\t\t\t\t\t\t\t\t\t\t\t<span>\n\t\t\t\t\t\t\t\t\t\t\t\t\t\t\t\t\t\t\t\t\t\t\t\t\t\t\t\t\t<i class=\"star-rating\"><\/i>\n\t\t\t\t\t\t\t\t\t\t\t\t\t\t\t<i class=\"star-rating\"><\/i>\n\t\t\t\t\t\t\t\t\t\t\t\t\t\t\t<i class=\"star-rating\"><\/i>\n\t\t\t\t\t\t\t\t\t\t\t\t\t\t\t<i class=\"star-rating\"><\/i>\n\t\t\t\t\t\t\t\t\t\t\t\t\t\t\t<i class=\"star-rating\"><\/i>\n\t\t\t\t\t\t\t\t\t\t\t\t\t\t\t\t\t\t\t\t\t\t\t\t\t\t\t<\/span>\n\t\t\t\t\t\t\t\t\t\t\t\t\t\t\t\t\t\t\t\t\t\t\t\t\t\t\t\t\t\t\t\t\t\t\t\t\t\t\t\t<h6>Maria G<\/h6> \n\t\t\t\t\t\t\t\t\t\t\t\t\t\t\t\t\t\t\t\t\t\t\t\t\t\t\t\t\t\t\t\t\t\t\t\t\t\t\t\t<span>Tripadvisor<\/span>\n\t\t\t\t\t\t\t\t\t\t\t\t\t\t\t\t\t\t\t\t\t\t\t\t\t<\/div>\n\t\t\t\t\t\t\t\t\t\t\t<\/div>\n\t\t\t\t\t\t\t\t\t\t<\/div>\n\t\t\t\t\t\t\t\t\t\t\t\t\t\t\t\t\t\t\t<div class=\"item\">\n\t\t\t\t\t\t\t\t\t\t\t\t\t\t\t\t\t\t\t\t\t\t\t<span class=\"quote\"><img decoding=\"async\" src=\"https:\/\/shtheme.com\/demosd\/thecappawp\/wp-content\/uploads\/2022\/06\/quot.png\" alt=\"\"><\/span>\n\t\t\t\t\t\t\t\t\t\t\t\t\t\t\t\t\t\t\t\t\t\t\t\t\t\t\t\t\t\t\t\t\t\t<p>Il pezzo forte \u00e8 per\u00f2 il ristorante noi siamo qui in pensione completa si mangia molto bene e l'accoglienza \u00e8 veramente magnifica sembra quasi di stare a casa, tutto quello che viene cucinato viene preparato con materie prime di buona qualit\u00e0.<\/p>\n\t\t\t\t\t\t\t\t\t\t\t\t\t\t\t\t\t\t\t\t\t\t<div class=\"info\">\n\t\t\t\t\t\t\t\t\t\t\t\t\t\t\t\t\t\t\t\t\t\t\t\t\t<div class=\"author-img\"> <img decoding=\"async\" src=\"https:\/\/donnarummahotel.it\/wp-content\/uploads\/2023\/11\/icona-google.jpg\" alt=\"\"> <\/div>\n\t\t\t\t\t\t\t\t\t\t\t\t\t\t\t\t\t\t\t\t\t\t\t\t<div class=\"cont\"> \n\t\t\t\t\t\t\t\t\t\t\t\t\t\t\t\t\t\t\t\t\t\t\t\t\t\t<span>\n\t\t\t\t\t\t\t\t\t\t\t\t\t\t\t\t\t\t\t\t\t\t\t\t\t\t\t\t\t<i class=\"star-rating\"><\/i>\n\t\t\t\t\t\t\t\t\t\t\t\t\t\t\t<i class=\"star-rating\"><\/i>\n\t\t\t\t\t\t\t\t\t\t\t\t\t\t\t<i class=\"star-rating\"><\/i>\n\t\t\t\t\t\t\t\t\t\t\t\t\t\t\t<i class=\"star-rating\"><\/i>\n\t\t\t\t\t\t\t\t\t\t\t\t\t\t\t<i class=\"star-rating\"><\/i>\n\t\t\t\t\t\t\t\t\t\t\t\t\t\t\t\t\t\t\t\t\t\t\t\t\t\t\t<\/span>\n\t\t\t\t\t\t\t\t\t\t\t\t\t\t\t\t\t\t\t\t\t\t\t\t\t\t\t\t\t\t\t\t\t\t\t\t\t\t\t\t<h6>Massimiliano C<\/h6> \n\t\t\t\t\t\t\t\t\t\t\t\t\t\t\t\t\t\t\t\t\t\t\t\t\t\t\t\t\t\t\t\t\t\t\t\t\t\t\t\t<span>Google<\/span>\n\t\t\t\t\t\t\t\t\t\t\t\t\t\t\t\t\t\t\t\t\t\t\t\t\t<\/div>\n\t\t\t\t\t\t\t\t\t\t\t<\/div>\n\t\t\t\t\t\t\t\t\t\t<\/div>\n\t\t\t\t\t\t\t\t\t\t\t\t\t\t\t\t\t<\/div>\n\t\t\t\t\t\t\t<\/div>\n\t\t\t\t\t\t<\/div>\n\t\t\t\t\t<\/div>\n\t\t\t\t<\/div>\n\t\t\t<\/div>\n\t\t<\/section>\n\n\t\t\n\t\t\t<\/div>\n\t\t\t\t<\/div>\n\t\t\t\t\t<\/div>\n\t\t<\/div>\n\t\t\t\t\t\t\t<\/div>\n\t\t<\/section>\n\t\t\t\t\t\t\t<\/div>\n\t\t","protected":false},"excerpt":{"rendered":"<p>DonnaRumma Hotel Restaurant In our restaurant with panoramic views you can enjoy traditional Mediterranean cuisine and regional specialties prepared by our chef and his team. Start the day with a hearty breakfast and enjoy our multi-course menu. Furthermore, for children and celiacs, we serve adequate catering. The restaurant has an internal room with 170 seats, [&hellip;]<\/p>\n","protected":false},"author":1,"featured_media":0,"parent":0,"menu_order":0,"comment_status":"closed","ping_status":"closed","template":"page-templates\/home.php","meta":{"footnotes":""},"class_list":["post-4411","page","type-page","status-publish","hentry"],"yoast_head":"<!-- This site is optimized with the Yoast SEO plugin v21.7 - https:\/\/yoast.com\/wordpress\/plugins\/seo\/ -->\n<title>Restaurant - Hotel DonnaRumma Casal Velino<\/title>\n<meta name=\"robots\" content=\"index, follow, max-snippet:-1, max-image-preview:large, max-video-preview:-1\" \/>\n<link rel=\"canonical\" href=\"https:\/\/donnarummahotel.it\/ristorante\/\" \/>\n<meta property=\"og:locale\" content=\"en_US\" \/>\n<meta property=\"og:type\" content=\"article\" \/>\n<meta property=\"og:title\" content=\"Restaurant - Hotel DonnaRumma Casal Velino\" \/>\n<meta property=\"og:description\" content=\"DonnaRumma Hotel Restaurant In our restaurant with panoramic views you can enjoy traditional Mediterranean cuisine and regional specialties prepared by our chef and his team. Start the day with a hearty breakfast and enjoy our multi-course menu. Furthermore, for children and celiacs, we serve adequate catering. The restaurant has an internal room with 170 seats, [&hellip;]\" \/>\n<meta property=\"og:url\" content=\"https:\/\/donnarummahotel.it\/ristorante\/\" \/>\n<meta property=\"og:site_name\" content=\"Hotel DonnaRumma Casal Velino\" \/>\n<meta property=\"article:modified_time\" content=\"2024-06-21T18:10:25+00:00\" \/>\n<meta property=\"og:image\" content=\"https:\/\/donnarummahotel.it\/wp-content\/uploads\/2023\/11\/ristorante-donnarumma-hotel-02.jpg\" \/>\n<meta name=\"twitter:card\" content=\"summary_large_image\" \/>\n<meta name=\"twitter:label1\" content=\"Est. reading time\" \/>\n\t<meta name=\"twitter:data1\" content=\"6 minutes\" \/>\n<script type=\"application\/ld+json\" class=\"yoast-schema-graph\">{\"@context\":\"https:\/\/schema.org\",\"@graph\":[{\"@type\":\"WebPage\",\"@id\":\"https:\/\/donnarummahotel.it\/ristorante\/\",\"url\":\"https:\/\/donnarummahotel.it\/ristorante\/\",\"name\":\"Restaurant - Hotel DonnaRumma Casal Velino\",\"isPartOf\":{\"@id\":\"https:\/\/donnarummahotel.it\/#website\"},\"datePublished\":\"2022-04-29T00:59:04+00:00\",\"dateModified\":\"2024-06-21T18:10:25+00:00\",\"breadcrumb\":{\"@id\":\"https:\/\/donnarummahotel.it\/ristorante\/#breadcrumb\"},\"inLanguage\":\"en-US\",\"potentialAction\":[{\"@type\":\"ReadAction\",\"target\":[\"https:\/\/donnarummahotel.it\/ristorante\/\"]}]},{\"@type\":\"BreadcrumbList\",\"@id\":\"https:\/\/donnarummahotel.it\/ristorante\/#breadcrumb\",\"itemListElement\":[{\"@type\":\"ListItem\",\"position\":1,\"name\":\"Home\",\"item\":\"https:\/\/donnarummahotel.it\/\"},{\"@type\":\"ListItem\",\"position\":2,\"name\":\"Restaurant\"}]},{\"@type\":\"WebSite\",\"@id\":\"https:\/\/donnarummahotel.it\/#website\",\"url\":\"https:\/\/donnarummahotel.it\/\",\"name\":\"Hotel DonnaRumma Casal Velino\",\"description\":\"4 stelle Cilento\",\"publisher\":{\"@id\":\"https:\/\/donnarummahotel.it\/#organization\"},\"potentialAction\":[{\"@type\":\"SearchAction\",\"target\":{\"@type\":\"EntryPoint\",\"urlTemplate\":\"https:\/\/donnarummahotel.it\/?s={search_term_string}\"},\"query-input\":\"required name=search_term_string\"}],\"inLanguage\":\"en-US\"},{\"@type\":\"Organization\",\"@id\":\"https:\/\/donnarummahotel.it\/#organization\",\"name\":\"Hotel DonnaRumma Casal Velino\",\"url\":\"https:\/\/donnarummahotel.it\/\",\"logo\":{\"@type\":\"ImageObject\",\"inLanguage\":\"en-US\",\"@id\":\"https:\/\/donnarummahotel.it\/#\/schema\/logo\/image\/\",\"url\":\"https:\/\/donnarummahotel.it\/wp-content\/uploads\/2023\/12\/logo_donnarumma_hotel.png\",\"contentUrl\":\"https:\/\/donnarummahotel.it\/wp-content\/uploads\/2023\/12\/logo_donnarumma_hotel.png\",\"width\":250,\"height\":90,\"caption\":\"Hotel DonnaRumma Casal Velino\"},\"image\":{\"@id\":\"https:\/\/donnarummahotel.it\/#\/schema\/logo\/image\/\"}}]}<\/script>\n<!-- \/ Yoast SEO plugin. -->","yoast_head_json":{"title":"Restaurant - Hotel DonnaRumma Casal Velino","robots":{"index":"index","follow":"follow","max-snippet":"max-snippet:-1","max-image-preview":"max-image-preview:large","max-video-preview":"max-video-preview:-1"},"canonical":"https:\/\/donnarummahotel.it\/ristorante\/","og_locale":"en_US","og_type":"article","og_title":"Restaurant - Hotel DonnaRumma Casal Velino","og_description":"DonnaRumma Hotel Restaurant In our restaurant with panoramic views you can enjoy traditional Mediterranean cuisine and regional specialties prepared by our chef and his team. Start the day with a hearty breakfast and enjoy our multi-course menu. Furthermore, for children and celiacs, we serve adequate catering. The restaurant has an internal room with 170 seats, [&hellip;]","og_url":"https:\/\/donnarummahotel.it\/ristorante\/","og_site_name":"Hotel DonnaRumma Casal Velino","article_modified_time":"2024-06-21T18:10:25+00:00","og_image":[{"url":"https:\/\/donnarummahotel.it\/wp-content\/uploads\/2023\/11\/ristorante-donnarumma-hotel-02.jpg"}],"twitter_card":"summary_large_image","twitter_misc":{"Est. reading time":"6 minutes"},"schema":{"@context":"https:\/\/schema.org","@graph":[{"@type":"WebPage","@id":"https:\/\/donnarummahotel.it\/ristorante\/","url":"https:\/\/donnarummahotel.it\/ristorante\/","name":"Restaurant - Hotel DonnaRumma Casal Velino","isPartOf":{"@id":"https:\/\/donnarummahotel.it\/#website"},"datePublished":"2022-04-29T00:59:04+00:00","dateModified":"2024-06-21T18:10:25+00:00","breadcrumb":{"@id":"https:\/\/donnarummahotel.it\/ristorante\/#breadcrumb"},"inLanguage":"en-US","potentialAction":[{"@type":"ReadAction","target":["https:\/\/donnarummahotel.it\/ristorante\/"]}]},{"@type":"BreadcrumbList","@id":"https:\/\/donnarummahotel.it\/ristorante\/#breadcrumb","itemListElement":[{"@type":"ListItem","position":1,"name":"Home","item":"https:\/\/donnarummahotel.it\/"},{"@type":"ListItem","position":2,"name":"Restaurant"}]},{"@type":"WebSite","@id":"https:\/\/donnarummahotel.it\/#website","url":"https:\/\/donnarummahotel.it\/","name":"Hotel DonnaRumma Casal Velino","description":"4 stelle Cilento","publisher":{"@id":"https:\/\/donnarummahotel.it\/#organization"},"potentialAction":[{"@type":"SearchAction","target":{"@type":"EntryPoint","urlTemplate":"https:\/\/donnarummahotel.it\/?s={search_term_string}"},"query-input":"required name=search_term_string"}],"inLanguage":"en-US"},{"@type":"Organization","@id":"https:\/\/donnarummahotel.it\/#organization","name":"Hotel DonnaRumma Casal Velino","url":"https:\/\/donnarummahotel.it\/","logo":{"@type":"ImageObject","inLanguage":"en-US","@id":"https:\/\/donnarummahotel.it\/#\/schema\/logo\/image\/","url":"https:\/\/donnarummahotel.it\/wp-content\/uploads\/2023\/12\/logo_donnarumma_hotel.png","contentUrl":"https:\/\/donnarummahotel.it\/wp-content\/uploads\/2023\/12\/logo_donnarumma_hotel.png","width":250,"height":90,"caption":"Hotel DonnaRumma Casal Velino"},"image":{"@id":"https:\/\/donnarummahotel.it\/#\/schema\/logo\/image\/"}}]}},"_links":{"self":[{"href":"https:\/\/donnarummahotel.it\/en\/wp-json\/wp\/v2\/pages\/4411","targetHints":{"allow":["GET"]}}],"collection":[{"href":"https:\/\/donnarummahotel.it\/en\/wp-json\/wp\/v2\/pages"}],"about":[{"href":"https:\/\/donnarummahotel.it\/en\/wp-json\/wp\/v2\/types\/page"}],"author":[{"embeddable":true,"href":"https:\/\/donnarummahotel.it\/en\/wp-json\/wp\/v2\/users\/1"}],"replies":[{"embeddable":true,"href":"https:\/\/donnarummahotel.it\/en\/wp-json\/wp\/v2\/comments?post=4411"}],"version-history":[{"count":19,"href":"https:\/\/donnarummahotel.it\/en\/wp-json\/wp\/v2\/pages\/4411\/revisions"}],"predecessor-version":[{"id":5216,"href":"https:\/\/donnarummahotel.it\/en\/wp-json\/wp\/v2\/pages\/4411\/revisions\/5216"}],"wp:attachment":[{"href":"https:\/\/donnarummahotel.it\/en\/wp-json\/wp\/v2\/media?parent=4411"}],"curies":[{"name":"wp","href":"https:\/\/api.w.org\/{rel}","templated":true}]}}